{"id":13877,"date":"2023-09-29T15:35:56","date_gmt":"2023-09-29T15:35:56","guid":{"rendered":"https:\/\/7bispontaven.fr\/?post_type=product&#038;p=13877"},"modified":"2026-03-07T15:07:17","modified_gmt":"2026-03-07T15:07:17","slug":"pantalon-beige-karen","status":"publish","type":"product","link":"https:\/\/7bispontaven.fr\/index.php\/product\/pantalon-beige-karen\/","title":{"rendered":"Pantalon Beige Karen"},"content":{"rendered":"\t\t<div data-elementor-type=\"wp-post\" data-elementor-id=\"13877\" class=\"elementor elementor-13877\">\n\t\t\t\t\t\t<section class=\"elementor-section elementor-top-section elementor-element elementor-element-5e91ae9a elementor-section-boxed elementor-section-height-default elementor-section-height-default\" data-id=\"5e91ae9a\" data-element_type=\"section\" data-e-type=\"section\">\n\t\t\t\t\t\t<div class=\"elementor-container elementor-column-gap-default\">\n\t\t\t\t\t<div class=\"elementor-column elementor-col-100 elementor-top-column elementor-element elementor-element-55eac492\" data-id=\"55eac492\" data-element_type=\"column\" data-e-type=\"column\">\n\t\t\t<div class=\"elementor-widget-wrap elementor-element-populated\">\n\t\t\t\t\t\t<div class=\"elementor-element elementor-element-285ee53a elementor-widget elementor-widget-text-editor\" data-id=\"285ee53a\" data-element_type=\"widget\" data-e-type=\"widget\" data-widget_type=\"text-editor.default\">\n\t\t\t\t<div class=\"elementor-widget-container\">\n\t\t\t\t\t\t\t\t\t<p><strong>Pantalon Beige Karen<\/strong><\/p><ul><li>Taille standard<\/li><li>Fermeture avec un bouton de marque Five et un zip cach\u00e9 sous le rabat<\/li><li>Ceinture avec passants<\/li><li>Trois poches avant<\/li><li>Deux poches plaqu\u00e9es dans le dos<\/li><li>\u00c9tiquette \u00e0 l&rsquo;arri\u00e8re avec le logo Five<\/li><li>Longueur entrejambe : 74 cm<\/li><\/ul><p><em>Composition :<\/em> 74% Lyocell, 17% Modal, 7% EME et 2% Elasthanne<\/p><p><em>Entretien :<\/em> Lavage \u00e0 la main ou d\u00e9licat<\/p>\t\t\t\t\t\t\t\t<\/div>\n\t\t\t\t<\/div>\n\t\t\t\t\t<\/div>\n\t\t<\/div>\n\t\t\t\t\t<\/div>\n\t\t<\/section>\n\t\t\t\t<\/div>\n\t\t","protected":false},"excerpt":{"rendered":"<p>Pantalon Beige Karen Taille standard Fermeture avec un bouton de marque Five et un zip cach\u00e9 sous le rabat Ceinture avec passants Trois poches avant Deux poches plaqu\u00e9es dans le dos \u00c9tiquette \u00e0 l&rsquo;arri\u00e8re avec le logo Five Longueur entrejambe : 74 cm Composition : 74% Lyocell, 17% Modal, 7% EME et 2% Elasthanne Entretien [&hellip;]<\/p>\n","protected":false},"featured_media":15293,"comment_status":"open","ping_status":"closed","template":"","meta":{"om_disable_all_campaigns":false,"_monsterinsights_skip_tracking":false,"_monsterinsights_sitenote_active":false,"_monsterinsights_sitenote_note":"","_monsterinsights_sitenote_category":0,"ocean_post_layout":"","ocean_both_sidebars_style":"","ocean_both_sidebars_content_width":0,"ocean_both_sidebars_sidebars_width":0,"ocean_sidebar":"0","ocean_second_sidebar":"0","ocean_disable_margins":"enable","ocean_add_body_class":"","ocean_shortcode_before_top_bar":"","ocean_shortcode_after_top_bar":"","ocean_shortcode_before_header":"","ocean_shortcode_after_header":"","ocean_has_shortcode":"","ocean_shortcode_after_title":"","ocean_shortcode_before_footer_widgets":"","ocean_shortcode_after_footer_widgets":"","ocean_shortcode_before_footer_bottom":"","ocean_shortcode_after_footer_bottom":"","ocean_display_top_bar":"default","ocean_display_header":"default","ocean_header_style":"","ocean_center_header_left_menu":"0","ocean_custom_header_template":"0","ocean_custom_logo":0,"ocean_custom_retina_logo":0,"ocean_custom_logo_max_width":0,"ocean_custom_logo_tablet_max_width":0,"ocean_custom_logo_mobile_max_width":0,"ocean_custom_logo_max_height":0,"ocean_custom_logo_tablet_max_height":0,"ocean_custom_logo_mobile_max_height":0,"ocean_header_custom_menu":"0","ocean_menu_typo_font_family":"0","ocean_menu_typo_font_subset":"","ocean_menu_typo_font_size":0,"ocean_menu_typo_font_size_tablet":0,"ocean_menu_typo_font_size_mobile":0,"ocean_menu_typo_font_size_unit":"px","ocean_menu_typo_font_weight":"","ocean_menu_typo_font_weight_tablet":"","ocean_menu_typo_font_weight_mobile":"","ocean_menu_typo_transform":"","ocean_menu_typo_transform_tablet":"","ocean_menu_typo_transform_mobile":"","ocean_menu_typo_line_height":0,"ocean_menu_typo_line_height_tablet":0,"ocean_menu_typo_line_height_mobile":0,"ocean_menu_typo_line_height_unit":"","ocean_menu_typo_spacing":0,"ocean_menu_typo_spacing_tablet":0,"ocean_menu_typo_spacing_mobile":0,"ocean_menu_typo_spacing_unit":"","ocean_menu_link_color":"","ocean_menu_link_color_hover":"","ocean_menu_link_color_active":"","ocean_menu_link_background":"","ocean_menu_link_hover_background":"","ocean_menu_link_active_background":"","ocean_menu_social_links_bg":"","ocean_menu_social_hover_links_bg":"","ocean_menu_social_links_color":"","ocean_menu_social_hover_links_color":"","ocean_disable_title":"default","ocean_disable_heading":"default","ocean_post_title":"","ocean_post_subheading":"","ocean_post_title_style":"","ocean_post_title_background_color":"","ocean_post_title_background":0,"ocean_post_title_bg_image_position":"","ocean_post_title_bg_image_attachment":"","ocean_post_title_bg_image_repeat":"","ocean_post_title_bg_image_size":"","ocean_post_title_height":0,"ocean_post_title_bg_overlay":0.5,"ocean_post_title_bg_overlay_color":"","ocean_disable_breadcrumbs":"default","ocean_breadcrumbs_color":"","ocean_breadcrumbs_separator_color":"","ocean_breadcrumbs_links_color":"","ocean_breadcrumbs_links_hover_color":"","ocean_display_footer_widgets":"default","ocean_display_footer_bottom":"default","ocean_custom_footer_template":"0","jetpack_publicize_message":"","jetpack_publicize_feature_enabled":true,"jetpack_social_post_already_shared":false,"jetpack_social_options":{"image_generator_settings":{"template":"highway","default_image_id":0,"font":"","enabled":false},"version":2}},"product_brand":[],"product_cat":[30],"product_tag":[],"class_list":{"0":"post-13877","1":"product","2":"type-product","3":"status-publish","4":"has-post-thumbnail","6":"product_cat-pantalon","7":"product_shipping_class-pret-a-porter-sac","9":"entry","10":"has-media","12":"first","13":"instock","14":"purchasable","15":"product-type-variable","16":"has-product-nav","17":"col","18":"span_1_of_3","19":"owp-content-center","20":"owp-thumbs-layout-horizontal","21":"owp-btn-normal","22":"owp-tabs-layout-horizontal","23":"has-no-thumbnails"},"aioseo_notices":[],"jetpack_publicize_connections":[],"jetpack_sharing_enabled":true,"_links":{"self":[{"href":"https:\/\/7bispontaven.fr\/index.php\/wp-json\/wp\/v2\/product\/13877","targetHints":{"allow":["GET"]}}],"collection":[{"href":"https:\/\/7bispontaven.fr\/index.php\/wp-json\/wp\/v2\/product"}],"about":[{"href":"https:\/\/7bispontaven.fr\/index.php\/wp-json\/wp\/v2\/types\/product"}],"replies":[{"embeddable":true,"href":"https:\/\/7bispontaven.fr\/index.php\/wp-json\/wp\/v2\/comments?post=13877"}],"version-history":[{"count":12,"href":"https:\/\/7bispontaven.fr\/index.php\/wp-json\/wp\/v2\/product\/13877\/revisions"}],"predecessor-version":[{"id":14508,"href":"https:\/\/7bispontaven.fr\/index.php\/wp-json\/wp\/v2\/product\/13877\/revisions\/14508"}],"wp:featuredmedia":[{"embeddable":true,"href":"https:\/\/7bispontaven.fr\/index.php\/wp-json\/wp\/v2\/media\/15293"}],"wp:attachment":[{"href":"https:\/\/7bispontaven.fr\/index.php\/wp-json\/wp\/v2\/media?parent=13877"}],"wp:term":[{"taxonomy":"product_brand","embeddable":true,"href":"https:\/\/7bispontaven.fr\/index.php\/wp-json\/wp\/v2\/product_brand?post=13877"},{"taxonomy":"product_cat","embeddable":true,"href":"https:\/\/7bispontaven.fr\/index.php\/wp-json\/wp\/v2\/product_cat?post=13877"},{"taxonomy":"product_tag","embeddable":true,"href":"https:\/\/7bispontaven.fr\/index.php\/wp-json\/wp\/v2\/product_tag?post=13877"}],"curies":[{"name":"wp","href":"https:\/\/api.w.org\/{rel}","templated":true}]}}