{"id":13638,"date":"2023-09-24T13:37:01","date_gmt":"2023-09-24T13:37:01","guid":{"rendered":"https:\/\/7bispontaven.fr\/?post_type=product&#038;p=13638"},"modified":"2024-04-04T13:08:06","modified_gmt":"2024-04-04T13:08:06","slug":"pull-cachemire-col-roule-chocolat","status":"publish","type":"product","link":"https:\/\/7bispontaven.fr\/index.php\/product\/pull-cachemire-col-roule-chocolat\/","title":{"rendered":"Pull Cachemire Col Roul\u00e9 Chocolat"},"content":{"rendered":"\t\t<div data-elementor-type=\"wp-post\" data-elementor-id=\"13638\" class=\"elementor elementor-13638\">\n\t\t\t\t\t\t<section class=\"elementor-section elementor-top-section elementor-element elementor-element-568f10e5 elementor-section-boxed elementor-section-height-default elementor-section-height-default\" data-id=\"568f10e5\" data-element_type=\"section\" data-e-type=\"section\">\n\t\t\t\t\t\t<div class=\"elementor-container elementor-column-gap-default\">\n\t\t\t\t\t<div class=\"elementor-column elementor-col-100 elementor-top-column elementor-element elementor-element-6ed61d28\" data-id=\"6ed61d28\" data-element_type=\"column\" data-e-type=\"column\">\n\t\t\t<div class=\"elementor-widget-wrap elementor-element-populated\">\n\t\t\t\t\t\t<div class=\"elementor-element elementor-element-7e4f426f elementor-widget elementor-widget-text-editor\" data-id=\"7e4f426f\" data-element_type=\"widget\" data-e-type=\"widget\" data-widget_type=\"text-editor.default\">\n\t\t\t\t<div class=\"elementor-widget-container\">\n\t\t\t\t\t\t\t\t\t<p><strong>Pull Cachemire Col Roul\u00e9 Chocolat<\/strong><\/p><p><span style=\"font-size: 15px; letter-spacing: 0.2px;\">Clara est un pull poncho en cachemire d\u00e9voilant un col roul\u00e9 et des manches c\u00f4tel\u00e9es resserr\u00e9es. Mod\u00e8le iconique des collections Absolut Cashmere, il se d\u00e9cline dans une large gamme de couleurs exclusives.<\/span><\/p><p><span style=\"font-size: 15px; letter-spacing: 0.2px;\">\u00a0<\/span><\/p><p>Pull col roul\u00e9 pour femme<br \/>Pull oversize<br \/>Manches longues c\u00f4tel\u00e9es<br \/>Fentes lat\u00e9rales<\/p><p>Ce mod\u00e8le a une coupe oversize. Si vous h\u00e9sitez entre deux tailles, prenez la plus petite.<\/p><p>Composition : 100% Cachemire 2 fils<\/p><p>Entretien : Pour entretenir votre pull en cachemire, nous vous recommandons de le laver \u00e0 la main \u00e0 froid ou en machine dans un filet en utilisant le programme froid (20\u00b0 max) sans essorage.<br \/>Il est recommand\u00e9 de ne pas utiliser d\u2019adoucissant.<br \/>Faites-le s\u00e9cher \u00e0 plat sur une serviette \u00e0 l\u2019abri de la lumi\u00e8re directe.<br \/>Repassez d\u00e9licatement votre cachemire \u00e0 temp\u00e9rature faible (max 110\u00b0) et sur l&rsquo;envers.<\/p>\t\t\t\t\t\t\t\t<\/div>\n\t\t\t\t<\/div>\n\t\t\t\t\t<\/div>\n\t\t<\/div>\n\t\t\t\t\t<\/div>\n\t\t<\/section>\n\t\t\t\t<\/div>\n\t\t","protected":false},"excerpt":{"rendered":"<p>Pull Cachemire Col Roul\u00e9 Chocolat Clara est un pull poncho en cachemire d\u00e9voilant un col roul\u00e9 et des manches c\u00f4tel\u00e9es resserr\u00e9es. Mod\u00e8le iconique des collections Absolut Cashmere, il se d\u00e9cline dans une large gamme de couleurs exclusives. Pull col roul\u00e9 pour femme Pull oversize Manches longues c\u00f4tel\u00e9es Fentes lat\u00e9rales Ce mod\u00e8le a une coupe oversize. [&hellip;]<\/p>\n","protected":false},"featured_media":15604,"comment_status":"open","ping_status":"closed","template":"","meta":{"om_disable_all_campaigns":false,"_monsterinsights_skip_tracking":false,"_monsterinsights_sitenote_active":false,"_monsterinsights_sitenote_note":"","_monsterinsights_sitenote_category":0,"ocean_post_layout":"","ocean_both_sidebars_style":"","ocean_both_sidebars_content_width":0,"ocean_both_sidebars_sidebars_width":0,"ocean_sidebar":"0","ocean_second_sidebar":"0","ocean_disable_margins":"enable","ocean_add_body_class":"","ocean_shortcode_before_top_bar":"","ocean_shortcode_after_top_bar":"","ocean_shortcode_before_header":"","ocean_shortcode_after_header":"","ocean_has_shortcode":"","ocean_shortcode_after_title":"","ocean_shortcode_before_footer_widgets":"","ocean_shortcode_after_footer_widgets":"","ocean_shortcode_before_footer_bottom":"","ocean_shortcode_after_footer_bottom":"","ocean_display_top_bar":"default","ocean_display_header":"default","ocean_header_style":"","ocean_center_header_left_menu":"0","ocean_custom_header_template":"0","ocean_custom_logo":0,"ocean_custom_retina_logo":0,"ocean_custom_logo_max_width":0,"ocean_custom_logo_tablet_max_width":0,"ocean_custom_logo_mobile_max_width":0,"ocean_custom_logo_max_height":0,"ocean_custom_logo_tablet_max_height":0,"ocean_custom_logo_mobile_max_height":0,"ocean_header_custom_menu":"0","ocean_menu_typo_font_family":"0","ocean_menu_typo_font_subset":"","ocean_menu_typo_font_size":0,"ocean_menu_typo_font_size_tablet":0,"ocean_menu_typo_font_size_mobile":0,"ocean_menu_typo_font_size_unit":"px","ocean_menu_typo_font_weight":"","ocean_menu_typo_font_weight_tablet":"","ocean_menu_typo_font_weight_mobile":"","ocean_menu_typo_transform":"","ocean_menu_typo_transform_tablet":"","ocean_menu_typo_transform_mobile":"","ocean_menu_typo_line_height":0,"ocean_menu_typo_line_height_tablet":0,"ocean_menu_typo_line_height_mobile":0,"ocean_menu_typo_line_height_unit":"","ocean_menu_typo_spacing":0,"ocean_menu_typo_spacing_tablet":0,"ocean_menu_typo_spacing_mobile":0,"ocean_menu_typo_spacing_unit":"","ocean_menu_link_color":"","ocean_menu_link_color_hover":"","ocean_menu_link_color_active":"","ocean_menu_link_background":"","ocean_menu_link_hover_background":"","ocean_menu_link_active_background":"","ocean_menu_social_links_bg":"","ocean_menu_social_hover_links_bg":"","ocean_menu_social_links_color":"","ocean_menu_social_hover_links_color":"","ocean_disable_title":"default","ocean_disable_heading":"default","ocean_post_title":"","ocean_post_subheading":"","ocean_post_title_style":"","ocean_post_title_background_color":"","ocean_post_title_background":0,"ocean_post_title_bg_image_position":"","ocean_post_title_bg_image_attachment":"","ocean_post_title_bg_image_repeat":"","ocean_post_title_bg_image_size":"","ocean_post_title_height":0,"ocean_post_title_bg_overlay":0.5,"ocean_post_title_bg_overlay_color":"","ocean_disable_breadcrumbs":"default","ocean_breadcrumbs_color":"","ocean_breadcrumbs_separator_color":"","ocean_breadcrumbs_links_color":"","ocean_breadcrumbs_links_hover_color":"","ocean_display_footer_widgets":"default","ocean_display_footer_bottom":"default","ocean_custom_footer_template":"0","jetpack_publicize_message":"","jetpack_publicize_feature_enabled":true,"jetpack_social_post_already_shared":false,"jetpack_social_options":{"image_generator_settings":{"template":"highway","default_image_id":0,"font":"","enabled":false},"version":2}},"product_brand":[],"product_cat":[54],"product_tag":[],"class_list":{"0":"post-13638","1":"product","2":"type-product","3":"status-publish","4":"has-post-thumbnail","6":"product_cat-pull","7":"product_shipping_class-pret-a-porter-sac","9":"entry","10":"has-media","12":"first","13":"instock","14":"purchasable","15":"product-type-variable","16":"has-product-nav","17":"col","18":"span_1_of_3","19":"owp-content-center","20":"owp-thumbs-layout-horizontal","21":"owp-btn-normal","22":"owp-tabs-layout-horizontal","23":"has-no-thumbnails"},"aioseo_notices":[],"jetpack_publicize_connections":[],"jetpack_sharing_enabled":true,"_links":{"self":[{"href":"https:\/\/7bispontaven.fr\/index.php\/wp-json\/wp\/v2\/product\/13638","targetHints":{"allow":["GET"]}}],"collection":[{"href":"https:\/\/7bispontaven.fr\/index.php\/wp-json\/wp\/v2\/product"}],"about":[{"href":"https:\/\/7bispontaven.fr\/index.php\/wp-json\/wp\/v2\/types\/product"}],"replies":[{"embeddable":true,"href":"https:\/\/7bispontaven.fr\/index.php\/wp-json\/wp\/v2\/comments?post=13638"}],"version-history":[{"count":16,"href":"https:\/\/7bispontaven.fr\/index.php\/wp-json\/wp\/v2\/product\/13638\/revisions"}],"predecessor-version":[{"id":16423,"href":"https:\/\/7bispontaven.fr\/index.php\/wp-json\/wp\/v2\/product\/13638\/revisions\/16423"}],"wp:featuredmedia":[{"embeddable":true,"href":"https:\/\/7bispontaven.fr\/index.php\/wp-json\/wp\/v2\/media\/15604"}],"wp:attachment":[{"href":"https:\/\/7bispontaven.fr\/index.php\/wp-json\/wp\/v2\/media?parent=13638"}],"wp:term":[{"taxonomy":"product_brand","embeddable":true,"href":"https:\/\/7bispontaven.fr\/index.php\/wp-json\/wp\/v2\/product_brand?post=13638"},{"taxonomy":"product_cat","embeddable":true,"href":"https:\/\/7bispontaven.fr\/index.php\/wp-json\/wp\/v2\/product_cat?post=13638"},{"taxonomy":"product_tag","embeddable":true,"href":"https:\/\/7bispontaven.fr\/index.php\/wp-json\/wp\/v2\/product_tag?post=13638"}],"curies":[{"name":"wp","href":"https:\/\/api.w.org\/{rel}","templated":true}]}}