{"id":3,"date":"2022-10-19T16:37:50","date_gmt":"2022-10-19T16:37:50","guid":{"rendered":"http:\/\/7bispontaven.fr\/?page_id=3"},"modified":"2023-10-22T14:46:16","modified_gmt":"2023-10-22T14:46:16","slug":"privacy-policy","status":"publish","type":"page","link":"https:\/\/7bispontaven.fr\/index.php\/privacy-policy\/","title":{"rendered":"Politique de confidentialit\u00e9"},"content":{"rendered":"\n<p>La pr\u00e9sente Politique de confidentialit\u00e9 d\u00e9crit la fa\u00e7on dont vos informations personnelles sont recueillies, utilis\u00e9es et partag\u00e9es lorsque vous vous rendez sur\u00a0https:\/\/7bispontaven.fr\/index.php\/shop\/  ou que vous y effectuez un achat.<\/p>\n\n\n\n<p>La soci\u00e9t\u00e9 7 Bis Histoire de Mode, dont le si\u00e8ge est situ\u00e9 7 bis rue \u00c9mile Bernard, g\u00e8re ce site internet de vente en ligne. Ce site nous permet de recevoir les commandes de nos clients et les donn\u00e9es collect\u00e9es \u00e0 cette occasion sont enregistr\u00e9es et trait\u00e9es dans un fichier clients.<\/p>\n\n\n\n<p>Notre site est g\u00e9r\u00e9 et h\u00e9berg\u00e9 sur la plateforme Hostinger via le CMS WordPress. Vos donn\u00e9es sont donc stock\u00e9es sur les serveurs s\u00e9curis\u00e9s d&rsquo;Hostinger, qui n&rsquo;effectue aucun traitement de vos donn\u00e9es autres que ceux n\u00e9cessaires \u00e0 l\u2019ex\u00e9cution de votre commande.<\/p>\n\n\n\n<p>La passerelle de paiement est g\u00e9r\u00e9e par Stripe qui respecte les normes PCI-DSS, afin de vous garantir le traitement s\u00e9curis\u00e9 de vos donn\u00e9es bancaires lorsque vous effectuez un achat sur notre site.<\/p>\n\n\n\n<p><strong>Ce que nous collectons comme donn\u00e9es<\/strong><\/p>\n\n\n\n<p>Ce site utilise uniquement des cookies de session, pour garder en m\u00e9moire les articles que vous avez plac\u00e9s dans le panier pendant une session d\u2019achat.<\/p>\n\n\n\n<p>Lorsque vous effectuez une transaction sur notre site web, nous recueillons:<br>&#8211; les informations personnelles que vous nous communiquez, comme votre nom, votre adresse, votre t\u00e9l\u00e9phone et votre e-mail.<br>&#8211; et les informations de connexion, comme votre adresse IP, votre navigateur web, votre fuseau horaire ou la version de votre syst\u00e8me d&rsquo;exploitation.<\/p>\n\n\n\n<p>Si vous cr\u00e9ez un compte, nous stockons votre nom, adresses, e-mail, et num\u00e9ro de t\u00e9l\u00e9phone. Ces donn\u00e9es seront utilis\u00e9es pour pr\u00e9remplir les champs de vos prochaines commandes.<\/p>\n\n\n\n<p><strong>Ce que nous faisons de vos donn\u00e9es<\/strong><\/p>\n\n\n\n<p>Vos informations personnelles ne seront utilis\u00e9es que pour les raisons sp\u00e9cifiques suivantes :<br>&#8211; Traiter vos commandes (confirmation, pr\u00e9paration, exp\u00e9dition, suivi),<br>&#8211; R\u00e9pondre \u00e0 vos demandes (\u00e9tat commande, remboursement, litige&#8230;),<br>&#8211; Traiter vos paiements et pr\u00e9venir d&rsquo;\u00e9ventuelles fraudes,<br>&#8211; Se conformer aux obligations l\u00e9gales (identit\u00e9 en facturation, calcul des taxes&#8230;),<br>&#8211; Am\u00e9liorer notre offre (avis client, affichage site,&#8230;),<br>&#8211; Envoyer des messages marketing, si vous acceptez d\u2019en recevoir.<\/p>\n\n\n\n<p>Nous partageons vos informations personnelles avec des tiers qui nous aident \u00e0 les utiliser aux fins d\u00e9crites pr\u00e9c\u00e9demment.<br>Par exemple, nous communiquons votre adresse au transporteur pour organiser la livraison de votre commande.<\/p>\n\n\n\n<p>Nous utilisons \u00e9galement Google Analytics pour mieux comprendre comment nos clients utilisent notre site.<\/p>\n\n\n\n<p><strong>Ce que vous pouvez nous demander<\/strong><\/p>\n\n\n\n<p>A tout moment, vous pouvez nous demander la modification ou suppression des donn\u00e9es personnelles vous concernant en nous envoyant un email \u00e0&nbsp;<a href=\"mailto:septbishistoiredemode@gmail.com\" target=\"_blank\" rel=\"noreferrer noopener\">septbishistoiredemode@gmail.com<\/a>.<\/p>\n\n\n\n<p>Vos donn\u00e9es stock\u00e9es pour un usage commercial (fid\u00e9lisation, prospection) seront automatiquement supprim\u00e9es apr\u00e8s 3 ans d&rsquo;inactivit\u00e9 (date du dernier achat).<\/p>\n\n\n\n<p>Vos donn\u00e9es stock\u00e9es \u00e0 des fins administratives, comptables ou pour des raisons de s\u00e9curit\u00e9 seront conserv\u00e9es pour la dur\u00e9e maximum l\u00e9gale.<\/p>\n\n\n\n<p>&#8212;&#8212;&#8212;&#8212;<br>Nous pouvons \u00eatre amen\u00e9s \u00e0 modifier la pr\u00e9sente politique de confidentialit\u00e9 suite aux changements apport\u00e9s \u00e0 nos pratiques ou pour d&rsquo;autres motifs op\u00e9rationnels, juridiques ou r\u00e9glementaires.<\/p>\n","protected":false},"excerpt":{"rendered":"<p>La pr\u00e9sente Politique de confidentialit\u00e9 d\u00e9crit la fa\u00e7on dont vos informations personnelles sont recueillies, utilis\u00e9es et partag\u00e9es lorsque vous vous rendez sur\u00a0https:\/\/7bispontaven.fr\/index.php\/shop\/ ou que vous y effectuez un achat. La soci\u00e9t\u00e9 7 Bis Histoire de Mode, dont le si\u00e8ge est situ\u00e9 7 bis rue \u00c9mile Bernard, g\u00e8re ce site internet de vente en ligne. Ce [&hellip;]<\/p>\n","protected":false},"author":1,"featured_media":0,"parent":0,"menu_order":0,"comment_status":"closed","ping_status":"open","template":"","meta":{"om_disable_all_campaigns":false,"_monsterinsights_skip_tracking":false,"_monsterinsights_sitenote_active":false,"_monsterinsights_sitenote_note":"","_monsterinsights_sitenote_category":0,"ocean_post_layout":"","ocean_both_sidebars_style":"","ocean_both_sidebars_content_width":0,"ocean_both_sidebars_sidebars_width":0,"ocean_sidebar":"0","ocean_second_sidebar":"0","ocean_disable_margins":"enable","ocean_add_body_class":"","ocean_shortcode_before_top_bar":"","ocean_shortcode_after_top_bar":"","ocean_shortcode_before_header":"","ocean_shortcode_after_header":"","ocean_has_shortcode":"","ocean_shortcode_after_title":"","ocean_shortcode_before_footer_widgets":"","ocean_shortcode_after_footer_widgets":"","ocean_shortcode_before_footer_bottom":"","ocean_shortcode_after_footer_bottom":"","ocean_display_top_bar":"default","ocean_display_header":"default","ocean_header_style":"","ocean_center_header_left_menu":"0","ocean_custom_header_template":"0","ocean_custom_logo":0,"ocean_custom_retina_logo":0,"ocean_custom_logo_max_width":0,"ocean_custom_logo_tablet_max_width":0,"ocean_custom_logo_mobile_max_width":0,"ocean_custom_logo_max_height":0,"ocean_custom_logo_tablet_max_height":0,"ocean_custom_logo_mobile_max_height":0,"ocean_header_custom_menu":"0","ocean_menu_typo_font_family":"0","ocean_menu_typo_font_subset":"","ocean_menu_typo_font_size":0,"ocean_menu_typo_font_size_tablet":0,"ocean_menu_typo_font_size_mobile":0,"ocean_menu_typo_font_size_unit":"px","ocean_menu_typo_font_weight":"","ocean_menu_typo_font_weight_tablet":"","ocean_menu_typo_font_weight_mobile":"","ocean_menu_typo_transform":"","ocean_menu_typo_transform_tablet":"","ocean_menu_typo_transform_mobile":"","ocean_menu_typo_line_height":0,"ocean_menu_typo_line_height_tablet":0,"ocean_menu_typo_line_height_mobile":0,"ocean_menu_typo_line_height_unit":"","ocean_menu_typo_spacing":0,"ocean_menu_typo_spacing_tablet":0,"ocean_menu_typo_spacing_mobile":0,"ocean_menu_typo_spacing_unit":"","ocean_menu_link_color":"","ocean_menu_link_color_hover":"","ocean_menu_link_color_active":"","ocean_menu_link_background":"","ocean_menu_link_hover_background":"","ocean_menu_link_active_background":"","ocean_menu_social_links_bg":"","ocean_menu_social_hover_links_bg":"","ocean_menu_social_links_color":"","ocean_menu_social_hover_links_color":"","ocean_disable_title":"default","ocean_disable_heading":"default","ocean_post_title":"","ocean_post_subheading":"","ocean_post_title_style":"","ocean_post_title_background_color":"","ocean_post_title_background":0,"ocean_post_title_bg_image_position":"","ocean_post_title_bg_image_attachment":"","ocean_post_title_bg_image_repeat":"","ocean_post_title_bg_image_size":"","ocean_post_title_height":0,"ocean_post_title_bg_overlay":0.5,"ocean_post_title_bg_overlay_color":"","ocean_disable_breadcrumbs":"default","ocean_breadcrumbs_color":"","ocean_breadcrumbs_separator_color":"","ocean_breadcrumbs_links_color":"","ocean_breadcrumbs_links_hover_color":"","ocean_display_footer_widgets":"default","ocean_display_footer_bottom":"default","ocean_custom_footer_template":"0","footnotes":""},"class_list":["post-3","page","type-page","status-publish","hentry","entry","owp-thumbs-layout-horizontal","owp-btn-normal","owp-tabs-layout-horizontal","has-no-thumbnails","has-product-nav"],"aioseo_notices":[],"jetpack_sharing_enabled":true,"_links":{"self":[{"href":"https:\/\/7bispontaven.fr\/index.php\/wp-json\/wp\/v2\/pages\/3","targetHints":{"allow":["GET"]}}],"collection":[{"href":"https:\/\/7bispontaven.fr\/index.php\/wp-json\/wp\/v2\/pages"}],"about":[{"href":"https:\/\/7bispontaven.fr\/index.php\/wp-json\/wp\/v2\/types\/page"}],"author":[{"embeddable":true,"href":"https:\/\/7bispontaven.fr\/index.php\/wp-json\/wp\/v2\/users\/1"}],"replies":[{"embeddable":true,"href":"https:\/\/7bispontaven.fr\/index.php\/wp-json\/wp\/v2\/comments?post=3"}],"version-history":[{"count":1,"href":"https:\/\/7bispontaven.fr\/index.php\/wp-json\/wp\/v2\/pages\/3\/revisions"}],"predecessor-version":[{"id":14382,"href":"https:\/\/7bispontaven.fr\/index.php\/wp-json\/wp\/v2\/pages\/3\/revisions\/14382"}],"wp:attachment":[{"href":"https:\/\/7bispontaven.fr\/index.php\/wp-json\/wp\/v2\/media?parent=3"}],"curies":[{"name":"wp","href":"https:\/\/api.w.org\/{rel}","templated":true}]}}